{"id":23944902,"date":"2023-07-28T19:53:32","date_gmt":"2023-07-28T19:53:32","guid":{"rendered":"https:\/\/floppyagency.com\/centro-de-conocimiento\/"},"modified":"2023-09-01T20:25:23","modified_gmt":"2023-09-01T20:25:23","slug":"centro-de-conocimiento","status":"publish","type":"page","link":"https:\/\/floppyagency.com\/es\/centro-de-conocimiento\/","title":{"rendered":"Centro de Conocimiento"},"content":{"rendered":"<p>[et_pb_section fb_built=\u00bb1&#8243; custom_padding_last_edited=\u00bbon|desktop\u00bb next_background_color=\u00bb#F2F2FA\u00bb admin_label=\u00bbHeader\u00bb _builder_version=\u00bb4.21.0&#8243; use_background_color_gradient=\u00bbon\u00bb background_color_gradient_stops=\u00bb#3ad7d3 0%|#8bd73a 100%\u00bb background_image=\u00bbhttps:\/\/floppyagency.com\/wp-content\/uploads\/2023\/07\/shapes-bg-02.png\u00bb parallax=\u00bbon\u00bb custom_padding=\u00bb7vw||6vw||false|false\u00bb custom_padding_tablet=\u00bb100px||100px||true\u00bb custom_padding_phone=\u00bb||||true\u00bb bottom_divider_style=\u00bbramp2&#8243; bottom_divider_height=\u00bb250px\u00bb bottom_divider_flip=\u00bbhorizontal\u00bb bottom_divider_height_tablet=\u00bb150px\u00bb bottom_divider_height_phone=\u00bb110px\u00bb bottom_divider_height_last_edited=\u00bbon|phone\u00bb saved_tabs=\u00bball\u00bb global_colors_info=\u00bb{}\u00bb][et_pb_row _builder_version=\u00bb4.16&#8243; global_colors_info=\u00bb{}\u00bb][et_pb_column type=\u00bb4_4&#8243; _builder_version=\u00bb4.16&#8243; custom_padding=\u00bb|||\u00bb global_colors_info=\u00bb{}\u00bb custom_padding__hover=\u00bb|||\u00bb][et_pb_text _builder_version=\u00bb4.16&#8243; text_font=\u00bbRoboto||||||||\u00bb text_font_size=\u00bb16px\u00bb text_line_height=\u00bb1.8em\u00bb header_font=\u00bbRoboto|700|||||||\u00bb header_text_align=\u00bbcenter\u00bb header_font_size=\u00bb80px\u00bb header_line_height=\u00bb1.2em\u00bb header_3_font=\u00bbRoboto|700||on|||||\u00bb header_3_text_align=\u00bbcenter\u00bb header_3_text_color=\u00bb#ffffff\u00bb header_3_font_size=\u00bb24px\u00bb header_3_letter_spacing=\u00bb10px\u00bb header_3_line_height=\u00bb2em\u00bb text_orientation=\u00bbcenter\u00bb background_layout=\u00bbdark\u00bb module_alignment=\u00bbcenter\u00bb text_font_size_last_edited=\u00bboff|desktop\u00bb header_font_size_tablet=\u00bb40px\u00bb header_font_size_phone=\u00bb32px\u00bb header_font_size_last_edited=\u00bbon|phone\u00bb header_3_font_size_tablet=\u00bb16px\u00bb header_3_font_size_phone=\u00bb14px\u00bb header_3_font_size_last_edited=\u00bbon|phone\u00bb header_3_letter_spacing_tablet=\u00bb5px\u00bb header_3_letter_spacing_phone=\u00bb\u00bb header_3_letter_spacing_last_edited=\u00bbon|tablet\u00bb inline_fonts=\u00bbPathway Gothic One\u00bb global_colors_info=\u00bb{}\u00bb]<\/p>\n<h3><strong><span style=\"font-family: Montserrat;\">centro de conocimiento<\/span><\/strong><\/h3>\n<h1><span style=\"font-family: 'Pathway Gothic One';\">\u00bfQuiere Aprender Sobre <span style=\"color: #d73b3e;\">Marketing<\/span>?<\/span><\/h1>\n<p>[\/et_pb_text][\/et_pb_column][\/et_pb_row][et_pb_row column_structure=\u00bb1_4,1_2,1_4&#8243; _builder_version=\u00bb4.16&#8243; custom_padding=\u00bb0|0px|27px|0px|false|false\u00bb global_colors_info=\u00bb{}\u00bb][et_pb_column type=\u00bb1_4&#8243; _builder_version=\u00bb4.16&#8243; custom_padding=\u00bb|||\u00bb global_colors_info=\u00bb{}\u00bb custom_padding__hover=\u00bb|||\u00bb][\/et_pb_column][et_pb_column type=\u00bb1_2&#8243; _builder_version=\u00bb4.16&#8243; custom_padding=\u00bb|||\u00bb global_colors_info=\u00bb{}\u00bb custom_padding__hover=\u00bb|||\u00bb][et_pb_signup mailchimp_list=\u00bbBlog|cf8416883e\u00bb name_field=\u00bbon\u00bb _builder_version=\u00bb4.21.0&#8243; form_field_background_color=\u00bbrgba(255,255,255,0.21)\u00bb form_field_text_color=\u00bb#ffffff\u00bb header_level=\u00bbh4&#8243; header_font=\u00bbRoboto|700|||||||\u00bb header_font_size=\u00bb32px\u00bb header_line_height=\u00bb1.4em\u00bb body_font=\u00bbRoboto||||||||\u00bb body_font_size=\u00bb16px\u00bb body_line_height=\u00bb1.8em\u00bb use_background_color=\u00bboff\u00bb custom_button=\u00bbon\u00bb button_text_size=\u00bb14px\u00bb button_text_color=\u00bb#FFFFFF\u00bb button_bg_color=\u00bb#3AD7D3&#8243; button_bg_color_gradient_direction=\u00bb90deg\u00bb button_bg_color_gradient_stops=\u00bb#f7828e 0%|#fcb6ab 100%\u00bb button_bg_color_gradient_start=\u00bb#f7828e\u00bb button_bg_color_gradient_end=\u00bb#fcb6ab\u00bb button_border_width=\u00bb10px\u00bb button_border_color=\u00bbrgba(0,0,0,0)\u00bb button_border_radius=\u00bb4px\u00bb button_letter_spacing=\u00bb5px\u00bb button_font=\u00bbMontserrat|600||on|||||\u00bb button_use_icon=\u00bboff\u00bb text_orientation=\u00bbcenter\u00bb border_color_all_fields=\u00bbrgba(255,255,255,0.3)\u00bb border_width_bottom_fields=\u00bb3px\u00bb box_shadow_style_button=\u00bbpreset3&#8243; box_shadow_vertical_button=\u00bb20px\u00bb box_shadow_blur_button=\u00bb30px\u00bb box_shadow_spread_button=\u00bb-10px\u00bb box_shadow_color_button=\u00bbrgba(50,11,142,0.4)\u00bb button_letter_spacing_hover=\u00bb5.5px\u00bb locked=\u00bboff\u00bb global_colors_info=\u00bb{}\u00bb button_text_size__hover_enabled=\u00bboff\u00bb button_one_text_size__hover_enabled=\u00bboff\u00bb button_two_text_size__hover_enabled=\u00bboff\u00bb button_text_color__hover_enabled=\u00bboff\u00bb button_one_text_color__hover_enabled=\u00bboff\u00bb button_two_text_color__hover_enabled=\u00bboff\u00bb button_border_width__hover_enabled=\u00bboff\u00bb button_one_border_width__hover_enabled=\u00bboff\u00bb button_two_border_width__hover_enabled=\u00bboff\u00bb button_border_color__hover_enabled=\u00bboff\u00bb button_one_border_color__hover_enabled=\u00bboff\u00bb button_two_border_color__hover_enabled=\u00bboff\u00bb button_border_radius__hover_enabled=\u00bboff\u00bb button_one_border_radius__hover_enabled=\u00bboff\u00bb button_two_border_radius__hover_enabled=\u00bboff\u00bb button_letter_spacing__hover_enabled=\u00bbon\u00bb button_letter_spacing__hover=\u00bb5.5px\u00bb button_one_letter_spacing__hover_enabled=\u00bboff\u00bb button_two_letter_spacing__hover_enabled=\u00bboff\u00bb button_bg_color__hover_enabled=\u00bboff\u00bb button_one_bg_color__hover_enabled=\u00bboff\u00bb button_two_bg_color__hover_enabled=\u00bboff\u00bb][\/et_pb_signup][\/et_pb_column][et_pb_column type=\u00bb1_4&#8243; _builder_version=\u00bb4.16&#8243; custom_padding=\u00bb|||\u00bb global_colors_info=\u00bb{}\u00bb custom_padding__hover=\u00bb|||\u00bb][\/et_pb_column][\/et_pb_row][\/et_pb_section][et_pb_section fb_built=\u00bb1&#8243; admin_label=\u00bbContact\u00bb _builder_version=\u00bb4.16&#8243; background_color=\u00bb#F2F2FA\u00bb custom_padding=\u00bb50px||50px||true|false\u00bb saved_tabs=\u00bball\u00bb global_colors_info=\u00bb{}\u00bb][et_pb_row make_equal=\u00bbon\u00bb _builder_version=\u00bb4.21.0&#8243; custom_width_px=\u00bb924px\u00bb global_colors_info=\u00bb{}\u00bb][et_pb_column type=\u00bb4_4&#8243; _builder_version=\u00bb4.16&#8243; custom_padding=\u00bb|||\u00bb global_colors_info=\u00bb{}\u00bb custom_padding__hover=\u00bb|||\u00bb][et_pb_blog fullwidth=\u00bboff\u00bb posts_number=\u00bb50&#8243; include_categories=\u00bb66&#8243; excerpt_length=\u00bb200&#8243; show_author=\u00bboff\u00bb show_date=\u00bboff\u00bb show_categories=\u00bboff\u00bb _builder_version=\u00bb4.21.0&#8243; header_level=\u00bbh4&#8243; header_font=\u00bbMontserrat|600|||||||\u00bb header_text_align=\u00bbcenter\u00bb header_font_size=\u00bb18px\u00bb header_line_height=\u00bb1.7em\u00bb body_font=\u00bb||||||||\u00bb body_line_height=\u00bb1.8em\u00bb meta_text_color=\u00bb#3A8BD7&#8243; pagination_font=\u00bbRoboto|700|||||||\u00bb pagination_text_color=\u00bb#8624e1&#8243; pagination_font_size=\u00bb20px\u00bb custom_padding=\u00bb20px||20px||true|true\u00bb hover_enabled=\u00bb0&#8243; border_radii=\u00bbon|10px|10px|10px|10px\u00bb border_width_all=\u00bb0px\u00bb box_shadow_style=\u00bbpreset1&#8243; box_shadow_blur=\u00bb70px\u00bb box_shadow_color=\u00bbrgba(110,130,208,0.18)\u00bb global_colors_info=\u00bb{}\u00bb sticky_enabled=\u00bb0&#8243;][\/et_pb_blog][\/et_pb_column][\/et_pb_row][\/et_pb_section][et_pb_section fb_built=\u00bb1&#8243; custom_padding_last_edited=\u00bbon|desktop\u00bb prev_background_color=\u00bb#F2F2FA\u00bb next_background_color=\u00bb#ffffff\u00bb admin_label=\u00bbCall to action\u00bb _builder_version=\u00bb4.21.0&#8243; use_background_color_gradient=\u00bbon\u00bb background_color_gradient_direction=\u00bb130deg\u00bb background_color_gradient_stops=\u00bb#7876FE 0%|#99D1FF 100%\u00bb background_color_gradient_start=\u00bb#7876FE\u00bb background_color_gradient_end=\u00bb#99D1FF\u00bb background_image=\u00bbhttps:\/\/floppyagency.com\/wp-content\/uploads\/2023\/07\/marketing-bg6.png\u00bb parallax=\u00bbon\u00bb custom_padding=\u00bb10vw||7vw||false|false\u00bb custom_padding_tablet=\u00bb100px||100px||true\u00bb custom_padding_phone=\u00bb||||true\u00bb top_divider_style=\u00bbramp2&#8243; top_divider_height=\u00bb250px\u00bb top_divider_flip=\u00bbvertical\u00bb top_divider_height_tablet=\u00bb150px\u00bb top_divider_height_phone=\u00bb110px\u00bb top_divider_height_last_edited=\u00bbon|phone\u00bb bottom_divider_style=\u00bbramp2&#8243; saved_tabs=\u00bball\u00bb global_colors_info=\u00bb{}\u00bb][et_pb_row module_class=\u00bb et_pb_row_fullwidth\u00bb _builder_version=\u00bb4.16&#8243; width=\u00bb89%\u00bb width_tablet=\u00bb80%\u00bb width_phone=\u00bb\u00bb width_last_edited=\u00bbon|desktop\u00bb max_width=\u00bb89%\u00bb max_width_tablet=\u00bb80%\u00bb max_width_phone=\u00bb\u00bb max_width_last_edited=\u00bbon|desktop\u00bb custom_margin_phone=\u00bb|||\u00bb custom_margin_last_edited=\u00bboff|desktop\u00bb custom_padding=\u00bb|||\u00bb make_fullwidth=\u00bbon\u00bb global_colors_info=\u00bb{}\u00bb][et_pb_column type=\u00bb4_4&#8243; _builder_version=\u00bb4.16&#8243; custom_padding=\u00bb|||\u00bb global_colors_info=\u00bb{}\u00bb custom_padding__hover=\u00bb|||\u00bb][et_pb_text _builder_version=\u00bb4.16&#8243; text_font=\u00bb||||||||\u00bb header_font=\u00bb||||||||\u00bb header_2_font=\u00bbRoboto|700|||||||\u00bb header_2_font_size=\u00bb50px\u00bb header_2_line_height=\u00bb1.4em\u00bb header_3_font=\u00bbRoboto|700||on|||||\u00bb header_3_text_align=\u00bbcenter\u00bb header_3_text_color=\u00bb#ffffff\u00bb header_3_font_size=\u00bb24px\u00bb header_3_letter_spacing=\u00bb5px\u00bb header_3_line_height=\u00bb2em\u00bb text_orientation=\u00bbcenter\u00bb background_layout=\u00bbdark\u00bb max_width=\u00bb850px\u00bb module_alignment=\u00bbcenter\u00bb custom_margin=\u00bb|||\u00bb custom_padding=\u00bb|||\u00bb text_font_size_last_edited=\u00bboff|desktop\u00bb header_2_font_size_tablet=\u00bb40px\u00bb header_2_font_size_phone=\u00bb32px\u00bb header_2_font_size_last_edited=\u00bbon|desktop\u00bb header_3_font_size_tablet=\u00bb16px\u00bb header_3_font_size_phone=\u00bb14px\u00bb header_3_font_size_last_edited=\u00bbon|phone\u00bb global_colors_info=\u00bb{}\u00bb]<\/p>\n<h3>Empecemos<\/h3>\n<h2>\u00bfListo Para un Cambio Real? \u00a1Construyamos Esto Juntos!<\/h2>\n<p>[\/et_pb_text][et_pb_button button_url=\u00bb@ET-DC@eyJkeW5hbWljIjp0cnVlLCJjb250ZW50IjoicG9zdF9saW5rX3VybF9wYWdlIiwic2V0dGluZ3MiOnsicG9zdF9pZCI6IjI1NTcifX0=@\u00bb button_text=\u00bbOrganizar una Reuni\u00f3n Gratuita\u00bb button_alignment=\u00bbcenter\u00bb _builder_version=\u00bb4.21.0&#8243; _dynamic_attributes=\u00bbbutton_url\u00bb custom_button=\u00bbon\u00bb button_text_size=\u00bb14px\u00bb button_text_color=\u00bb#FFFFFF\u00bb button_bg_use_color_gradient=\u00bbon\u00bb button_bg_color_gradient_direction=\u00bb90deg\u00bb button_bg_color_gradient_stops=\u00bb#8bd73a 0%|#3ad7d3 100%\u00bb button_bg_color_gradient_start=\u00bb#9ed8ff\u00bb button_bg_color_gradient_end=\u00bb#aaffdb\u00bb button_border_width=\u00bb0px\u00bb button_border_color=\u00bbrgba(0,0,0,0)\u00bb button_border_radius=\u00bb40px\u00bb button_letter_spacing=\u00bb5px\u00bb button_font=\u00bbRoboto|700||on|||||\u00bb button_use_icon=\u00bboff\u00bb background_layout=\u00bbdark\u00bb custom_margin=\u00bb|||\u00bb custom_padding=\u00bb18px|34px|18px|34px|true|true\u00bb box_shadow_style=\u00bbpreset3&#8243; box_shadow_vertical=\u00bb20px\u00bb box_shadow_blur=\u00bb30px\u00bb box_shadow_spread=\u00bb-10px\u00bb box_shadow_color=\u00bbrgba(50,11,142,0.4)\u00bb button_letter_spacing_hover=\u00bb5.5px\u00bb global_colors_info=\u00bb{}\u00bb button_text_size__hover_enabled=\u00bboff\u00bb button_one_text_size__hover_enabled=\u00bboff\u00bb button_two_text_size__hover_enabled=\u00bboff\u00bb button_text_color__hover_enabled=\u00bboff\u00bb button_one_text_color__hover_enabled=\u00bboff\u00bb button_two_text_color__hover_enabled=\u00bboff\u00bb button_border_width__hover_enabled=\u00bboff\u00bb button_one_border_width__hover_enabled=\u00bboff\u00bb button_two_border_width__hover_enabled=\u00bboff\u00bb button_border_color__hover_enabled=\u00bboff\u00bb button_one_border_color__hover_enabled=\u00bboff\u00bb button_two_border_color__hover_enabled=\u00bboff\u00bb button_border_radius__hover_enabled=\u00bboff\u00bb button_one_border_radius__hover_enabled=\u00bboff\u00bb button_two_border_radius__hover_enabled=\u00bboff\u00bb button_letter_spacing__hover_enabled=\u00bbon\u00bb button_letter_spacing__hover=\u00bb5.5px\u00bb button_one_letter_spacing__hover_enabled=\u00bboff\u00bb button_two_letter_spacing__hover_enabled=\u00bboff\u00bb button_bg_color__hover_enabled=\u00bboff\u00bb button_one_bg_color__hover_enabled=\u00bboff\u00bb button_two_bg_color__hover_enabled=\u00bboff\u00bb][\/et_pb_button][\/et_pb_column][\/et_pb_row][\/et_pb_section]<\/p>\n","protected":false},"excerpt":{"rendered":"<p>centro de conocimiento \u00bfQuiere Aprender Sobre Marketing?Empecemos \u00bfListo Para un Cambio Real? \u00a1Construyamos Esto Juntos!<\/p>\n","protected":false},"author":1,"featured_media":0,"parent":0,"menu_order":0,"comment_status":"closed","ping_status":"closed","template":"","meta":{"_et_pb_use_builder":"on","_et_pb_old_content":"","_et_gb_content_width":"","footnotes":""},"dipi_cpt_category":[],"class_list":["post-23944902","page","type-page","status-publish","hentry"],"yoast_head":"<!-- This site is optimized with the Yoast SEO Premium plugin v20.13 (Yoast SEO v27.5) - https:\/\/yoast.com\/product\/yoast-seo-premium-wordpress\/ -->\n<title>Centro de Conocimiento | FloppyDisk Creative Agency<\/title>\n<meta name=\"description\" content=\"Bienvenido al Centro de Conocimientos de FloppyDisk. Sum\u00e9rjase en una gran cantidad de art\u00edculos, gu\u00edas y recursos de marketing que le aportar\u00e1n nuevas ideas.\" \/>\n<meta name=\"robots\" content=\"index, follow, max-snippet:-1, max-image-preview:large, max-video-preview:-1\" \/>\n<link rel=\"canonical\" href=\"https:\/\/floppyagency.com\/es\/centro-de-conocimiento\/\" \/>\n<meta property=\"og:locale\" content=\"es_ES\" \/>\n<meta property=\"og:type\" content=\"article\" \/>\n<meta property=\"og:title\" content=\"Centro de Conocimiento\" \/>\n<meta property=\"og:description\" content=\"Bienvenido al Centro de Conocimientos de FloppyDisk. Sum\u00e9rjase en una gran cantidad de art\u00edculos, gu\u00edas y recursos de marketing que le aportar\u00e1n nuevas ideas.\" \/>\n<meta property=\"og:url\" content=\"https:\/\/floppyagency.com\/es\/centro-de-conocimiento\/\" \/>\n<meta property=\"og:site_name\" content=\"FloppyDisk Creative Agency\" \/>\n<meta property=\"article:publisher\" content=\"http:\/\/facebook.com\/floppydiskagency\" \/>\n<meta property=\"article:modified_time\" content=\"2023-09-01T20:25:23+00:00\" \/>\n<meta name=\"twitter:card\" content=\"summary_large_image\" \/>\n<meta name=\"twitter:label1\" content=\"Tiempo de lectura\" \/>\n\t<meta name=\"twitter:data1\" content=\"7 minutos\" \/>\n<script type=\"application\/ld+json\" class=\"yoast-schema-graph\">{\"@context\":\"https:\\\/\\\/schema.org\",\"@graph\":[{\"@type\":\"WebPage\",\"@id\":\"https:\\\/\\\/floppyagency.com\\\/es\\\/centro-de-conocimiento\\\/\",\"url\":\"https:\\\/\\\/floppyagency.com\\\/es\\\/centro-de-conocimiento\\\/\",\"name\":\"Centro de Conocimiento | FloppyDisk Creative Agency\",\"isPartOf\":{\"@id\":\"https:\\\/\\\/floppyagency.com\\\/es\\\/#website\"},\"datePublished\":\"2023-07-28T19:53:32+00:00\",\"dateModified\":\"2023-09-01T20:25:23+00:00\",\"description\":\"Bienvenido al Centro de Conocimientos de FloppyDisk. Sum\u00e9rjase en una gran cantidad de art\u00edculos, gu\u00edas y recursos de marketing que le aportar\u00e1n nuevas ideas.\",\"breadcrumb\":{\"@id\":\"https:\\\/\\\/floppyagency.com\\\/es\\\/centro-de-conocimiento\\\/#breadcrumb\"},\"inLanguage\":\"es\",\"potentialAction\":[{\"@type\":\"ReadAction\",\"target\":[\"https:\\\/\\\/floppyagency.com\\\/es\\\/centro-de-conocimiento\\\/\"]}]},{\"@type\":\"BreadcrumbList\",\"@id\":\"https:\\\/\\\/floppyagency.com\\\/es\\\/centro-de-conocimiento\\\/#breadcrumb\",\"itemListElement\":[{\"@type\":\"ListItem\",\"position\":1,\"name\":\"Home\",\"item\":\"https:\\\/\\\/floppyagency.com\\\/es\\\/inicio\\\/\"},{\"@type\":\"ListItem\",\"position\":2,\"name\":\"Centro de Conocimiento\"}]},{\"@type\":\"WebSite\",\"@id\":\"https:\\\/\\\/floppyagency.com\\\/es\\\/#website\",\"url\":\"https:\\\/\\\/floppyagency.com\\\/es\\\/\",\"name\":\"FloppyDisk Creative Agency\",\"description\":\"Redefine tu Presencia Digital ?\",\"publisher\":{\"@id\":\"https:\\\/\\\/floppyagency.com\\\/es\\\/#organization\"},\"alternateName\":\"FloppyDisk\",\"potentialAction\":[{\"@type\":\"SearchAction\",\"target\":{\"@type\":\"EntryPoint\",\"urlTemplate\":\"https:\\\/\\\/floppyagency.com\\\/es\\\/?s={search_term_string}\"},\"query-input\":{\"@type\":\"PropertyValueSpecification\",\"valueRequired\":true,\"valueName\":\"search_term_string\"}}],\"inLanguage\":\"es\"},{\"@type\":\"Organization\",\"@id\":\"https:\\\/\\\/floppyagency.com\\\/es\\\/#organization\",\"name\":\"FloppyDisk Creative Agency\",\"url\":\"https:\\\/\\\/floppyagency.com\\\/es\\\/\",\"logo\":{\"@type\":\"ImageObject\",\"inLanguage\":\"es\",\"@id\":\"https:\\\/\\\/floppyagency.com\\\/es\\\/#\\\/schema\\\/logo\\\/image\\\/\",\"url\":\"https:\\\/\\\/floppyagency.com\\\/wp-content\\\/uploads\\\/2023\\\/08\\\/Slide3.jpeg\",\"contentUrl\":\"https:\\\/\\\/floppyagency.com\\\/wp-content\\\/uploads\\\/2023\\\/08\\\/Slide3.jpeg\",\"width\":2160,\"height\":1215,\"caption\":\"FloppyDisk Creative Agency\"},\"image\":{\"@id\":\"https:\\\/\\\/floppyagency.com\\\/es\\\/#\\\/schema\\\/logo\\\/image\\\/\"},\"sameAs\":[\"http:\\\/\\\/facebook.com\\\/floppydiskagency\",\"http:\\\/\\\/instagram.com\\\/floppydiskagency\\\/\",\"https:\\\/\\\/g.page\\\/r\\\/CX6pC3SofYisEBM\",\"https:\\\/\\\/www.linkedin.com\\\/company\\\/floppydisk-agency\\\/\"]}]}<\/script>\n<!-- \/ Yoast SEO Premium plugin. -->","yoast_head_json":{"title":"Centro de Conocimiento | FloppyDisk Creative Agency","description":"Bienvenido al Centro de Conocimientos de FloppyDisk. Sum\u00e9rjase en una gran cantidad de art\u00edculos, gu\u00edas y recursos de marketing que le aportar\u00e1n nuevas ideas.","robots":{"index":"index","follow":"follow","max-snippet":"max-snippet:-1","max-image-preview":"max-image-preview:large","max-video-preview":"max-video-preview:-1"},"canonical":"https:\/\/floppyagency.com\/es\/centro-de-conocimiento\/","og_locale":"es_ES","og_type":"article","og_title":"Centro de Conocimiento","og_description":"Bienvenido al Centro de Conocimientos de FloppyDisk. Sum\u00e9rjase en una gran cantidad de art\u00edculos, gu\u00edas y recursos de marketing que le aportar\u00e1n nuevas ideas.","og_url":"https:\/\/floppyagency.com\/es\/centro-de-conocimiento\/","og_site_name":"FloppyDisk Creative Agency","article_publisher":"http:\/\/facebook.com\/floppydiskagency","article_modified_time":"2023-09-01T20:25:23+00:00","twitter_card":"summary_large_image","twitter_misc":{"Tiempo de lectura":"7 minutos"},"schema":{"@context":"https:\/\/schema.org","@graph":[{"@type":"WebPage","@id":"https:\/\/floppyagency.com\/es\/centro-de-conocimiento\/","url":"https:\/\/floppyagency.com\/es\/centro-de-conocimiento\/","name":"Centro de Conocimiento | FloppyDisk Creative Agency","isPartOf":{"@id":"https:\/\/floppyagency.com\/es\/#website"},"datePublished":"2023-07-28T19:53:32+00:00","dateModified":"2023-09-01T20:25:23+00:00","description":"Bienvenido al Centro de Conocimientos de FloppyDisk. Sum\u00e9rjase en una gran cantidad de art\u00edculos, gu\u00edas y recursos de marketing que le aportar\u00e1n nuevas ideas.","breadcrumb":{"@id":"https:\/\/floppyagency.com\/es\/centro-de-conocimiento\/#breadcrumb"},"inLanguage":"es","potentialAction":[{"@type":"ReadAction","target":["https:\/\/floppyagency.com\/es\/centro-de-conocimiento\/"]}]},{"@type":"BreadcrumbList","@id":"https:\/\/floppyagency.com\/es\/centro-de-conocimiento\/#breadcrumb","itemListElement":[{"@type":"ListItem","position":1,"name":"Home","item":"https:\/\/floppyagency.com\/es\/inicio\/"},{"@type":"ListItem","position":2,"name":"Centro de Conocimiento"}]},{"@type":"WebSite","@id":"https:\/\/floppyagency.com\/es\/#website","url":"https:\/\/floppyagency.com\/es\/","name":"FloppyDisk Creative Agency","description":"Redefine tu Presencia Digital ?","publisher":{"@id":"https:\/\/floppyagency.com\/es\/#organization"},"alternateName":"FloppyDisk","potentialAction":[{"@type":"SearchAction","target":{"@type":"EntryPoint","urlTemplate":"https:\/\/floppyagency.com\/es\/?s={search_term_string}"},"query-input":{"@type":"PropertyValueSpecification","valueRequired":true,"valueName":"search_term_string"}}],"inLanguage":"es"},{"@type":"Organization","@id":"https:\/\/floppyagency.com\/es\/#organization","name":"FloppyDisk Creative Agency","url":"https:\/\/floppyagency.com\/es\/","logo":{"@type":"ImageObject","inLanguage":"es","@id":"https:\/\/floppyagency.com\/es\/#\/schema\/logo\/image\/","url":"https:\/\/floppyagency.com\/wp-content\/uploads\/2023\/08\/Slide3.jpeg","contentUrl":"https:\/\/floppyagency.com\/wp-content\/uploads\/2023\/08\/Slide3.jpeg","width":2160,"height":1215,"caption":"FloppyDisk Creative Agency"},"image":{"@id":"https:\/\/floppyagency.com\/es\/#\/schema\/logo\/image\/"},"sameAs":["http:\/\/facebook.com\/floppydiskagency","http:\/\/instagram.com\/floppydiskagency\/","https:\/\/g.page\/r\/CX6pC3SofYisEBM","https:\/\/www.linkedin.com\/company\/floppydisk-agency\/"]}]}},"_links":{"self":[{"href":"https:\/\/floppyagency.com\/es\/wp-json\/wp\/v2\/pages\/23944902","targetHints":{"allow":["GET"]}}],"collection":[{"href":"https:\/\/floppyagency.com\/es\/wp-json\/wp\/v2\/pages"}],"about":[{"href":"https:\/\/floppyagency.com\/es\/wp-json\/wp\/v2\/types\/page"}],"author":[{"embeddable":true,"href":"https:\/\/floppyagency.com\/es\/wp-json\/wp\/v2\/users\/1"}],"replies":[{"embeddable":true,"href":"https:\/\/floppyagency.com\/es\/wp-json\/wp\/v2\/comments?post=23944902"}],"version-history":[{"count":0,"href":"https:\/\/floppyagency.com\/es\/wp-json\/wp\/v2\/pages\/23944902\/revisions"}],"wp:attachment":[{"href":"https:\/\/floppyagency.com\/es\/wp-json\/wp\/v2\/media?parent=23944902"}],"wp:term":[{"taxonomy":"dipi_cpt_category","embeddable":true,"href":"https:\/\/floppyagency.com\/es\/wp-json\/wp\/v2\/dipi_cpt_category?post=23944902"}],"curies":[{"name":"wp","href":"https:\/\/api.w.org\/{rel}","templated":true}]}}